{"id":4179,"date":"2021-09-13T16:58:04","date_gmt":"2021-09-13T16:58:04","guid":{"rendered":"http:\/\/dummy.xtemos.com\/woodmart2\/elementor\/?page_id=4179"},"modified":"2025-12-19T09:03:16","modified_gmt":"2025-12-19T14:03:16","slug":"home-retail","status":"publish","type":"page","link":"https:\/\/lesmeles.designgo.ca\/","title":{"rendered":"Home Retail"},"content":{"rendered":"\t\t<div data-elementor-type=\"wp-page\" data-elementor-id=\"4179\" class=\"elementor elementor-4179\">\n\t\t\t\t<div class=\"wd-negative-gap elementor-element elementor-element-936341d e-flex e-con-boxed e-con e-parent\" data-id=\"936341d\" data-element_type=\"container\">\n\t\t\t\t\t<div class=\"e-con-inner\">\n\t\t\t\t<div class=\"elementor-element elementor-element-0952c51 elementor-widget-mobile__width-auto e-transform elementor-widget elementor-widget-wd_slider\" data-id=\"0952c51\" data-element_type=\"widget\" data-settings=\"{&quot;_transform_scaleX_effect&quot;:{&quot;unit&quot;:&quot;px&quot;,&quot;size&quot;:&quot;&quot;,&quot;sizes&quot;:[]},&quot;_transform_scaleX_effect_tablet&quot;:{&quot;unit&quot;:&quot;px&quot;,&quot;size&quot;:&quot;&quot;,&quot;sizes&quot;:[]},&quot;_transform_scaleX_effect_mobile&quot;:{&quot;unit&quot;:&quot;px&quot;,&quot;size&quot;:&quot;&quot;,&quot;sizes&quot;:[]},&quot;_transform_scaleY_effect&quot;:{&quot;unit&quot;:&quot;px&quot;,&quot;size&quot;:&quot;&quot;,&quot;sizes&quot;:[]},&quot;_transform_scaleY_effect_tablet&quot;:{&quot;unit&quot;:&quot;px&quot;,&quot;size&quot;:&quot;&quot;,&quot;sizes&quot;:[]},&quot;_transform_scaleY_effect_mobile&quot;:{&quot;unit&quot;:&quot;px&quot;,&quot;size&quot;:&quot;&quot;,&quot;sizes&quot;:[]}}\" data-widget_type=\"wd_slider.default\">\n\t\t\t\t<div class=\"elementor-widget-container\">\n\t\t\t\t\t\t\t\t<link rel=\"stylesheet\" id=\"xts-style-term-73-css\" href=\"https:\/\/lesmeles.designgo.ca\/wp-content\/uploads\/2025\/12\/xts-term-73-1766067220.css?ver=8.3.7\" type=\"text\/css\" media=\"all\">  \t\t\t<style>\t\t\t\t\t\t\t#slide-4188 .wd-slide-container {\n\t\t\t\t\t\t\t\t\t\t\t\t\t\t\t--wd-justify-content: center;\n\t\t\t\t\t\t\t\t\t}\n\t\t\t\t\t\t\t\t#slide-4188.woodmart-loaded .wd-slide-bg {\n\t\t\t\t\t\t\t\t\t}\n\n\t\t\t\t#slide-4188 .wd-slide-bg {\n\t\t\t\tbackground-color:rgb(53,55,52);\t\t\t\tbackground-size:cover;\n\t\t\t\t\t\t\t\t\tbackground-position:center center;\t\t\t\t\n\t\t\t\t\t\t\t}\n\n\t\t\t\t#slide-4188 .wd-slide-bg img {\n\t\t\t\t\t\n\t\t\t\t\t\t\t\t\t\t\tobject-position:center top;\t\t\t\t\t\t\t\t\t}\n\n\t\t\t\n\t\t\t\t\t\t\t\t\t#slide-4188 .wd-slide-inner {\n\t\t\t\t\t\t\t\t\t\t\t}\n\t\t\t\t\n\t\t\t\t@media (max-width: 1024px) {\n\t\t\t\t\n\t\t\t\t\n\t\t\t\t\n\t\t\t\t\n\t\t\t\t\t\t\t\t\t#slide-4188 .wd-slide-inner {\n\t\t\t\t\t\t\t\t\t\t\t}\n\t\t\t\t\n\t\t\t\t\t#slide-4188 .wd-slide-bg {\n\t\t\t\t\t\t\t\t\t\t\t\t\t\t\t\t\n\t\t\t\t\t\t\t\t\t\t\t\t\t\t\t\t\t\t\t\t\t}\n\t\t\t\t}\n\n\t\t\t\t@media (max-width: 768px) {\n\t\t\t\t\t\t\t\t\t#slide-4188 .wd-slide-container {\n\t\t\t\t\t\t\t\t\t\t\t--wd-align-items: flex-start;\n\t\t\t\t\t\t\t\t\t\t\t\t\t\t\t\t--wd-justify-content: center;\n\t\t\t\t\t\t\t\t\t\t}\n\t\t\t\t\n\t\t\t\t\n\t\t\t\t\n\t\t\t\t\t\t\t\t\t#slide-4188 .wd-slide-bg img {\n\t\t\t\t\t\tobject-fit:contain;\n\t\t\t\t\t\t\t\t\t\t\t\t\tobject-position:center top;\t\t\t\t\t\t\t\t\t\t\t}\n\t\t\t\t\n\t\t\t\t\t\t\t\t\t\t#slide-4188 .wd-slide-inner {\n\t\t\t\t\t\t\tmax-width:110px;\t\t\t\t\t\t}\n\t\t\t\t\t\n\t\t\t\t\t#slide-4188 .wd-slide-bg {\n\t\t\t\t\t\t\t\t\t\t\t\tbackground-size:contain;\t\t\t\t\t\t\n\t\t\t\t\t\t\t\t\t\t\t\t\t\t\t\t\t\t\t\t\t\t\t}\n\t\t\t\t}\n\n\t\t\t\t\n\t\t\t\t\t\t\t\t<\/style>\n\t\t<div id=\"slider-73\" data-id=\"73\" class=\"wd-slider wd-carousel-container wd-anim- wd-section-stretch\">\n\t\t\t<div class=\"wd-carousel-inner\">\n\t\t\t\t<div class=\"wd-carousel wd-grid\" data-speed=\"20000\" data-wrap=\"yes\" data-autoplay=\"yes\" data-autoheight=\"yes\" data-scroll_per_page=\"yes\" data-sliding_speed=\"700\" style=\"--wd-col-lg:1;--wd-col-md:1;--wd-col-sm:1;\">\n\t\t\t\t\t<div class=\"wd-carousel-wrap \">\n\t\t\t\t\t\t\t\t\t\t\t\t\t\t\t\t\t\t\t\t<div id=\"slide-4188\" class=\"wd-slide wd-carousel-item woodmart-loaded\" >\n\t\t\t\t\t\t\t\t\t\t\t\t\t\t\t\t<div class=\"container wd-slide-container content-fixed\">\n\t\t\t\t\t\t\t\t\t<div class=\"wd-slide-inner wd-animation wd-transform wd-animation-normal  wd-animation-slide-from-bottom\">\n\t\t\t\t\t\t\t\t\t\t\t\t\t\t\t\t\t\t\t\t\t\t\t\t\t\t\t\t\t\t\t\t\t\t\t\t\t\t\t\t<\/div>\n\t\t\t\t\t\t\t\t<\/div>\n\n\t\t\t\t\t\t\t\t<div class=\"wd-slide-bg wd-fill\">\n\t\t\t\t\t\t\t\t\t\t\t\t\t\t\t\t\t\t\t<img loading=\"lazy\" decoding=\"async\" width=\"1920\" height=\"608\" src=\"https:\/\/lesmeles.designgo.ca\/wp-content\/uploads\/2021\/09\/Slider2.jpg\" class=\"attachment-full size-full\" alt=\"\" srcset=\"https:\/\/lesmeles.designgo.ca\/wp-content\/uploads\/2021\/09\/Slider2.jpg 1920w, https:\/\/lesmeles.designgo.ca\/wp-content\/uploads\/2021\/09\/Slider2-400x127.jpg 400w, https:\/\/lesmeles.designgo.ca\/wp-content\/uploads\/2021\/09\/Slider2-1300x412.jpg 1300w, https:\/\/lesmeles.designgo.ca\/wp-content\/uploads\/2021\/09\/Slider2-768x243.jpg 768w, https:\/\/lesmeles.designgo.ca\/wp-content\/uploads\/2021\/09\/Slider2-1536x486.jpg 1536w, https:\/\/lesmeles.designgo.ca\/wp-content\/uploads\/2021\/09\/Slider2-430x136.jpg 430w, https:\/\/lesmeles.designgo.ca\/wp-content\/uploads\/2021\/09\/Slider2-700x222.jpg 700w, https:\/\/lesmeles.designgo.ca\/wp-content\/uploads\/2021\/09\/Slider2-150x48.jpg 150w\" sizes=\"auto, (max-width: 1920px) 100vw, 1920px\" \/>\t\t\t\t\t\t\t\t\t\t\t\t\t\t\t\t\t<\/div>\n\n\t\t\t\t\t\t\t\t\t\t\t\t\t\t\t<\/div>\n\n\t\t\t\t\t\t\t\t\t\t\t\t\t\t\t\t\t\t\t\t\t\t\t\t\t\t\t\t\t\t\t\t\t<\/div>\n\t\t\t\t<\/div>\n\n\t\t\t\t\t\t\t\t\t\t\t\t\t\t<div class=\"wd-nav-arrows wd-slider-arrows wd-custom-style wd-style-1 wd-pos-sep color-scheme-light\">\n\t\t\t\t\t\t<div class=\"wd-btn-arrow wd-prev\">\n\t\t\t\t\t\t\t<div class=\"wd-arrow-inner\"><\/div>\n\t\t\t\t\t\t<\/div>\n\t\t\t\t\t\t<div class=\"wd-btn-arrow wd-next\">\n\t\t\t\t\t\t\t<div class=\"wd-arrow-inner\"><\/div>\n\t\t\t\t\t\t<\/div>\n\t\t\t\t\t<\/div>\n\t\t\t\t\t\t\t<\/div>\n\n\t\t\t\t\t\t\t\t\t\t\t<div class=\"wd-nav-pagin-wrap wd-slider-pagin wd-custom-style wd-style-number-2 text-center color-scheme-light\">\n\t\t\t\t\t<ul class=\"wd-nav-pagin\"><\/ul>\n\t\t\t\t<\/div>\n\t\t\t\t\t<\/div>\n\t\t\t\t\t\t<\/div>\n\t\t\t\t<\/div>\n\t\t\t\t\t<\/div>\n\t\t\t\t<\/div>\n\t\t<div class=\"elementor-element elementor-element-3619ca1 e-flex e-con-boxed e-con e-parent\" data-id=\"3619ca1\" data-element_type=\"container\">\n\t\t\t\t\t<div class=\"e-con-inner\">\n\t\t\t\t<div class=\"elementor-element elementor-element-347efbe wd-width-100 elementor-widget elementor-widget-wd_products\" data-id=\"347efbe\" data-element_type=\"widget\" data-widget_type=\"wd_products.default\">\n\t\t\t\t<div class=\"elementor-widget-container\">\n\t\t\t\t\t\t\t\t\t\t<div class=\"wd-products-element\">\n\n\t\t\t\n\t\t\t\n\t\t\t\n\t\t\t\n\t\t\t<div class=\"products wd-products grid-columns-3 elements-grid wd-grid-g\" data-paged=\"1\" data-atts=\"{&quot;speed&quot;:null,&quot;slides_per_view&quot;:null,&quot;wrap&quot;:null,&quot;autoplay&quot;:null,&quot;autoheight&quot;:null,&quot;hide_pagination_control&quot;:null,&quot;dynamic_pagination_control&quot;:null,&quot;hide_prev_next_buttons&quot;:null,&quot;carousel_arrows_position&quot;:null,&quot;hide_scrollbar&quot;:null,&quot;scroll_per_page&quot;:null,&quot;center_mode&quot;:null,&quot;spacing&quot;:&quot;&quot;,&quot;carousel_sync&quot;:null,&quot;sync_parent_id&quot;:null,&quot;sync_child_id&quot;:null,&quot;scroll_carousel_init&quot;:null,&quot;disable_overflow_carousel&quot;:null,&quot;include&quot;:null,&quot;meta_key&quot;:null,&quot;shop_tools&quot;:null,&quot;ajax_recently_viewed&quot;:null,&quot;pagination_arrows_position&quot;:null,&quot;items_per_page&quot;:3,&quot;columns&quot;:{&quot;unit&quot;:&quot;px&quot;,&quot;size&quot;:3,&quot;sizes&quot;:[]},&quot;products_masonry&quot;:&quot;&quot;,&quot;products_different_sizes&quot;:&quot;&quot;,&quot;product_quantity&quot;:&quot;&quot;,&quot;sale_countdown&quot;:&quot;0&quot;,&quot;stretch_product&quot;:null,&quot;stock_progress_bar&quot;:&quot;0&quot;,&quot;highlighted_products&quot;:&quot;0&quot;,&quot;products_divider&quot;:null,&quot;products_bordered_grid&quot;:&quot;0&quot;,&quot;products_bordered_grid_style&quot;:null,&quot;products_with_background&quot;:&quot;0&quot;,&quot;products_shadow&quot;:&quot;0&quot;,&quot;img_size&quot;:&quot;large&quot;,&quot;img_size_custom&quot;:null,&quot;grid_gallery_control&quot;:null,&quot;grid_gallery_enable_arrows&quot;:null,&quot;elementor&quot;:true,&quot;force_not_ajax&quot;:&quot;no&quot;}\" data-source=\"shortcode\" data-columns=\"3\" data-grid-gallery=\"\" style=\"--wd-col-lg:3;--wd-col-md:3;--wd-col-sm:2;--wd-gap-lg:20px;--wd-gap-sm:10px;\">\n\t\t\n\t\t\t\t\t\t\t\t<div class=\"wd-product wd-with-labels wd-hover-base wd-hover-with-fade wd-col product-grid-item product product-no-swatches type-product post-29064 status-publish outofstock product_cat-vetements has-post-thumbnail sale taxable shipping-taxable purchasable product-type-variable\" data-loop=\"1\" data-id=\"29064\">\n\t\n\t\n<div class=\"product-wrapper\">\n\t<div class=\"content-product-imagin\"><\/div>\n\t<div class=\"product-element-top wd-quick-shop\">\n\t\t<a href=\"https:\/\/lesmeles.designgo.ca\/index.php\/produit\/t-shirt-mystere\/\" class=\"product-image-link\" tabindex=\"-1\" aria-label=\"T-Shirt Myst\u00e8re\">\n\t\t\t<div class=\"product-labels labels-rectangular\"><span class=\"onsale product-label\">Vente<\/span><span class=\"out-of-stock product-label\">En rupture<\/span><\/div><img loading=\"lazy\" decoding=\"async\" width=\"800\" height=\"800\" src=\"https:\/\/lesmeles.designgo.ca\/wp-content\/uploads\/2025\/12\/T-Shirt_Meles-800x800.jpg\" class=\"attachment-large size-large\" alt=\"\" srcset=\"https:\/\/lesmeles.designgo.ca\/wp-content\/uploads\/2025\/12\/T-Shirt_Meles-800x800.jpg 800w, https:\/\/lesmeles.designgo.ca\/wp-content\/uploads\/2025\/12\/T-Shirt_Meles-300x300.jpg 300w, https:\/\/lesmeles.designgo.ca\/wp-content\/uploads\/2025\/12\/T-Shirt_Meles-150x150.jpg 150w, https:\/\/lesmeles.designgo.ca\/wp-content\/uploads\/2025\/12\/T-Shirt_Meles-768x768.jpg 768w, https:\/\/lesmeles.designgo.ca\/wp-content\/uploads\/2025\/12\/T-Shirt_Meles-430x430.jpg 430w, https:\/\/lesmeles.designgo.ca\/wp-content\/uploads\/2025\/12\/T-Shirt_Meles-700x700.jpg 700w, https:\/\/lesmeles.designgo.ca\/wp-content\/uploads\/2025\/12\/T-Shirt_Meles.jpg 1200w\" sizes=\"auto, (max-width: 800px) 100vw, 800px\" \/>\t\t<\/a>\n\n\t\t\t\t\t<div class=\"hover-img\">\n\t\t\t\t<img loading=\"lazy\" decoding=\"async\" width=\"800\" height=\"800\" src=\"https:\/\/lesmeles.designgo.ca\/wp-content\/uploads\/2025\/12\/T-Shirt-Mystere-Quote-Dos-800x800.jpg\" class=\"attachment-large size-large\" alt=\"\" srcset=\"https:\/\/lesmeles.designgo.ca\/wp-content\/uploads\/2025\/12\/T-Shirt-Mystere-Quote-Dos-800x800.jpg 800w, https:\/\/lesmeles.designgo.ca\/wp-content\/uploads\/2025\/12\/T-Shirt-Mystere-Quote-Dos-300x300.jpg 300w, https:\/\/lesmeles.designgo.ca\/wp-content\/uploads\/2025\/12\/T-Shirt-Mystere-Quote-Dos-150x150.jpg 150w, https:\/\/lesmeles.designgo.ca\/wp-content\/uploads\/2025\/12\/T-Shirt-Mystere-Quote-Dos-768x768.jpg 768w, https:\/\/lesmeles.designgo.ca\/wp-content\/uploads\/2025\/12\/T-Shirt-Mystere-Quote-Dos-430x430.jpg 430w, https:\/\/lesmeles.designgo.ca\/wp-content\/uploads\/2025\/12\/T-Shirt-Mystere-Quote-Dos-700x700.jpg 700w, https:\/\/lesmeles.designgo.ca\/wp-content\/uploads\/2025\/12\/T-Shirt-Mystere-Quote-Dos.jpg 1200w\" sizes=\"auto, (max-width: 800px) 100vw, 800px\" \/>\t\t\t<\/div>\n\t\t\t\n\t\t<div class=\"wrapp-swatches\"><\/div>\n\t<\/div>\n\n\t<div class=\"product-element-bottom product-information\">\n\t\t<h3 class=\"wd-entities-title\"><a href=\"https:\/\/lesmeles.designgo.ca\/index.php\/produit\/t-shirt-mystere\/\">T-Shirt Myst\u00e8re<\/a><\/h3>\t\t\t\t<div class=\"wd-product-cats\">\n\t\t\t<a href=\"https:\/\/lesmeles.designgo.ca\/index.php\/categorie-produit\/vetements\/\" rel=\"tag\">V\u00eatements<\/a>\t\t<\/div>\n\t\t\t\t<div class=\"product-rating-price\">\n\t\t\t<div class=\"wrapp-product-price\">\n\t\t\t\t\n\t<span class=\"price\"><del aria-hidden=\"true\"><span class=\"woocommerce-Price-amount amount\"><bdi>44.99<span class=\"woocommerce-Price-currencySymbol\">&#36;<\/span><\/bdi><\/span><\/del> <span class=\"screen-reader-text\">Le prix initial \u00e9tait\u00a0: 44.99&#036;.<\/span><ins aria-hidden=\"true\"><span class=\"woocommerce-Price-amount amount\"><bdi>34.99<span class=\"woocommerce-Price-currencySymbol\">&#36;<\/span><\/bdi><\/span><\/ins><span class=\"screen-reader-text\">Le prix actuel est\u00a0: 34.99&#036;.<\/span><\/span>\n\t\t\t\t\t\t\t<\/div>\n\t\t<\/div>\n\t\t\t\t<div class=\"fade-in-block wd-scroll\">\n\t\t\t<div class=\"hover-content wd-more-desc\">\n\t\t\t\t<div class=\"hover-content-inner wd-more-desc-inner\">\n\t\t\t\t\t<strong>T-shirt myst\u00e8re \u2013 \u00c9dition citations l\u00e9gendaires\r\n<\/strong>Chaque t-shirt myst\u00e8re pr\u00e9sente une citation l\u00e9gendaire imprim\u00e9e au dos.\r\n\r\n<strong>4 versions diff\u00e9rentes disponibles.<\/strong>\r\nLe mod\u00e8le re\u00e7u est s\u00e9lectionn\u00e9 et exp\u00e9di\u00e9 de fa\u00e7on al\u00e9atoire parmi les versions existantes.\r\n\r\nAucune s\u00e9lection de citation possible.\t\t\t\t<\/div>\n\t\t\t\t<a href=\"#\" rel=\"nofollow\" class=\"wd-more-desc-btn\" aria-label=\"Lire plus de description\"><\/a>\n\t\t\t<\/div>\n\t\t\t<div class=\" wd-bottom-actions\">\n\t\t\t\t<div class=\"wrap-wishlist-button\"><\/div>\n\t\t\t\t<div class=\"wd-add-btn wd-add-btn-replace\">\n\t\t\t\t\t<a href=\"https:\/\/lesmeles.designgo.ca\/index.php\/produit\/t-shirt-mystere\/\" aria-describedby=\"woocommerce_loop_add_to_cart_link_describedby_29064\" data-quantity=\"1\" class=\"button product_type_variable add-to-cart-loop\" data-product_id=\"29064\" data-product_sku=\"\" aria-label=\"S\u00e9lectionner les options pour &ldquo;T-Shirt Myst\u00e8re&rdquo;\" rel=\"nofollow\"><span>Choix des options<\/span><\/a>\t<span id=\"woocommerce_loop_add_to_cart_link_describedby_29064\" class=\"screen-reader-text\">\n\t\tCe produit a plusieurs variations. Les options peuvent \u00eatre choisies sur la page du produit\t<\/span>\n\t\t\t\t\t\t\t\t\t\t\t\t\t\t\t\t\t\t\t\t<\/div>\n\t\t\t\t<div class=\"wrap-quickview-button\">\t\t<div class=\"quick-view wd-action-btn wd-style-icon wd-quick-view-icon\">\n\t\t\t<a\n\t\t\t\thref=\"https:\/\/lesmeles.designgo.ca\/index.php\/produit\/t-shirt-mystere\/\"\n\t\t\t\tclass=\"open-quick-view quick-view-button\"\n\t\t\t\trel=\"nofollow\"\n\t\t\t\tdata-id=\"29064\"\n\t\t\t\t>Aper\u00e7u rapide<\/a>\n\t\t<\/div>\n\t\t<\/div>\n\t\t\t<\/div>\n\n\t\t\t\t\t\t\n\t\t\t\t\t<\/div>\n\t<\/div>\n<\/div>\n<\/div>\n\t\t\t\t\t\t\t\t<div class=\"wd-product wd-with-labels wd-hover-base wd-hover-with-fade wd-col product-grid-item product product-no-swatches type-product post-29031 status-publish outofstock product_cat-vetements has-post-thumbnail sale taxable shipping-taxable purchasable product-type-variable\" data-loop=\"2\" data-id=\"29031\">\n\t\n\t\n<div class=\"product-wrapper\">\n\t<div class=\"content-product-imagin\"><\/div>\n\t<div class=\"product-element-top wd-quick-shop\">\n\t\t<a href=\"https:\/\/lesmeles.designgo.ca\/index.php\/produit\/kangourou-unisexe\/\" class=\"product-image-link\" tabindex=\"-1\" aria-label=\"Kangourou unisexe\">\n\t\t\t<div class=\"product-labels labels-rectangular\"><span class=\"onsale product-label\">Vente<\/span><span class=\"out-of-stock product-label\">En rupture<\/span><\/div><img loading=\"lazy\" decoding=\"async\" width=\"800\" height=\"800\" src=\"https:\/\/lesmeles.designgo.ca\/wp-content\/uploads\/2025\/12\/KOI2250_2-800x800.jpg\" class=\"attachment-large size-large\" alt=\"\" srcset=\"https:\/\/lesmeles.designgo.ca\/wp-content\/uploads\/2025\/12\/KOI2250_2-800x800.jpg 800w, https:\/\/lesmeles.designgo.ca\/wp-content\/uploads\/2025\/12\/KOI2250_2-300x300.jpg 300w, https:\/\/lesmeles.designgo.ca\/wp-content\/uploads\/2025\/12\/KOI2250_2-150x150.jpg 150w, https:\/\/lesmeles.designgo.ca\/wp-content\/uploads\/2025\/12\/KOI2250_2-768x768.jpg 768w, https:\/\/lesmeles.designgo.ca\/wp-content\/uploads\/2025\/12\/KOI2250_2-430x430.jpg 430w, https:\/\/lesmeles.designgo.ca\/wp-content\/uploads\/2025\/12\/KOI2250_2-700x700.jpg 700w, https:\/\/lesmeles.designgo.ca\/wp-content\/uploads\/2025\/12\/KOI2250_2.jpg 1200w\" sizes=\"auto, (max-width: 800px) 100vw, 800px\" \/>\t\t<\/a>\n\n\t\t\t\t\t<div class=\"hover-img\">\n\t\t\t\t<img loading=\"lazy\" decoding=\"async\" width=\"800\" height=\"800\" src=\"https:\/\/lesmeles.designgo.ca\/wp-content\/uploads\/2025\/12\/KOI2250-DOS-2-800x800.jpg\" class=\"attachment-large size-large\" alt=\"\" srcset=\"https:\/\/lesmeles.designgo.ca\/wp-content\/uploads\/2025\/12\/KOI2250-DOS-2-800x800.jpg 800w, https:\/\/lesmeles.designgo.ca\/wp-content\/uploads\/2025\/12\/KOI2250-DOS-2-300x300.jpg 300w, https:\/\/lesmeles.designgo.ca\/wp-content\/uploads\/2025\/12\/KOI2250-DOS-2-150x150.jpg 150w, https:\/\/lesmeles.designgo.ca\/wp-content\/uploads\/2025\/12\/KOI2250-DOS-2-768x768.jpg 768w, https:\/\/lesmeles.designgo.ca\/wp-content\/uploads\/2025\/12\/KOI2250-DOS-2-430x430.jpg 430w, https:\/\/lesmeles.designgo.ca\/wp-content\/uploads\/2025\/12\/KOI2250-DOS-2-700x700.jpg 700w, https:\/\/lesmeles.designgo.ca\/wp-content\/uploads\/2025\/12\/KOI2250-DOS-2.jpg 1200w\" sizes=\"auto, (max-width: 800px) 100vw, 800px\" \/>\t\t\t<\/div>\n\t\t\t\n\t\t<div class=\"wrapp-swatches\"><\/div>\n\t<\/div>\n\n\t<div class=\"product-element-bottom product-information\">\n\t\t<h3 class=\"wd-entities-title\"><a href=\"https:\/\/lesmeles.designgo.ca\/index.php\/produit\/kangourou-unisexe\/\">Kangourou unisexe<\/a><\/h3>\t\t\t\t<div class=\"wd-product-cats\">\n\t\t\t<a href=\"https:\/\/lesmeles.designgo.ca\/index.php\/categorie-produit\/vetements\/\" rel=\"tag\">V\u00eatements<\/a>\t\t<\/div>\n\t\t\t\t<div class=\"product-rating-price\">\n\t\t\t<div class=\"wrapp-product-price\">\n\t\t\t\t\n\t<span class=\"price\"><del aria-hidden=\"true\"><span class=\"woocommerce-Price-amount amount\"><bdi>89.99<span class=\"woocommerce-Price-currencySymbol\">&#36;<\/span><\/bdi><\/span><\/del> <span class=\"screen-reader-text\">Le prix initial \u00e9tait\u00a0: 89.99&#036;.<\/span><ins aria-hidden=\"true\"><span class=\"woocommerce-Price-amount amount\"><bdi>69.99<span class=\"woocommerce-Price-currencySymbol\">&#36;<\/span><\/bdi><\/span><\/ins><span class=\"screen-reader-text\">Le prix actuel est\u00a0: 69.99&#036;.<\/span><\/span>\n\t\t\t\t\t\t\t<\/div>\n\t\t<\/div>\n\t\t\t\t<div class=\"fade-in-block wd-scroll\">\n\t\t\t<div class=\"hover-content wd-more-desc\">\n\t\t\t\t<div class=\"hover-content-inner wd-more-desc-inner\">\n\t\t\t\t\t\t\t\t\t<\/div>\n\t\t\t\t<a href=\"#\" rel=\"nofollow\" class=\"wd-more-desc-btn\" aria-label=\"Lire plus de description\"><\/a>\n\t\t\t<\/div>\n\t\t\t<div class=\" wd-bottom-actions\">\n\t\t\t\t<div class=\"wrap-wishlist-button\"><\/div>\n\t\t\t\t<div class=\"wd-add-btn wd-add-btn-replace\">\n\t\t\t\t\t<a href=\"https:\/\/lesmeles.designgo.ca\/index.php\/produit\/kangourou-unisexe\/\" aria-describedby=\"woocommerce_loop_add_to_cart_link_describedby_29031\" data-quantity=\"1\" class=\"button product_type_variable add-to-cart-loop\" data-product_id=\"29031\" data-product_sku=\"\" aria-label=\"S\u00e9lectionner les options pour &ldquo;Kangourou unisexe&rdquo;\" rel=\"nofollow\"><span>Choix des options<\/span><\/a>\t<span id=\"woocommerce_loop_add_to_cart_link_describedby_29031\" class=\"screen-reader-text\">\n\t\tCe produit a plusieurs variations. Les options peuvent \u00eatre choisies sur la page du produit\t<\/span>\n\t\t\t\t\t\t\t\t\t\t\t\t\t\t\t\t\t\t\t\t<\/div>\n\t\t\t\t<div class=\"wrap-quickview-button\">\t\t<div class=\"quick-view wd-action-btn wd-style-icon wd-quick-view-icon\">\n\t\t\t<a\n\t\t\t\thref=\"https:\/\/lesmeles.designgo.ca\/index.php\/produit\/kangourou-unisexe\/\"\n\t\t\t\tclass=\"open-quick-view quick-view-button\"\n\t\t\t\trel=\"nofollow\"\n\t\t\t\tdata-id=\"29031\"\n\t\t\t\t>Aper\u00e7u rapide<\/a>\n\t\t<\/div>\n\t\t<\/div>\n\t\t\t<\/div>\n\n\t\t\t\t\t\t\n\t\t\t\t\t<\/div>\n\t<\/div>\n<\/div>\n<\/div>\n\t\t\t\t\t\t\t\t<div class=\"wd-product wd-hover-base wd-hover-with-fade wd-col product-grid-item product product-no-swatches type-product post-29145 status-publish last instock product_cat-vetements has-post-thumbnail taxable shipping-taxable product-type-simple\" data-loop=\"3\" data-id=\"29145\">\n\t\n\t\n<div class=\"product-wrapper\">\n\t<div class=\"content-product-imagin\"><\/div>\n\t<div class=\"product-element-top wd-quick-shop\">\n\t\t<a href=\"https:\/\/lesmeles.designgo.ca\/index.php\/produit\/item-a-venir\/\" class=\"product-image-link\" tabindex=\"-1\" aria-label=\"Item \u00e0 venir\">\n\t\t\t<img loading=\"lazy\" decoding=\"async\" width=\"800\" height=\"800\" src=\"https:\/\/lesmeles.designgo.ca\/wp-content\/uploads\/2025\/12\/item_venir2-800x800.jpg\" class=\"attachment-large size-large\" alt=\"\" srcset=\"https:\/\/lesmeles.designgo.ca\/wp-content\/uploads\/2025\/12\/item_venir2-800x800.jpg 800w, https:\/\/lesmeles.designgo.ca\/wp-content\/uploads\/2025\/12\/item_venir2-300x300.jpg 300w, https:\/\/lesmeles.designgo.ca\/wp-content\/uploads\/2025\/12\/item_venir2-150x150.jpg 150w, https:\/\/lesmeles.designgo.ca\/wp-content\/uploads\/2025\/12\/item_venir2-768x768.jpg 768w, https:\/\/lesmeles.designgo.ca\/wp-content\/uploads\/2025\/12\/item_venir2-430x430.jpg 430w, https:\/\/lesmeles.designgo.ca\/wp-content\/uploads\/2025\/12\/item_venir2-700x700.jpg 700w, https:\/\/lesmeles.designgo.ca\/wp-content\/uploads\/2025\/12\/item_venir2.jpg 1200w\" sizes=\"auto, (max-width: 800px) 100vw, 800px\" \/>\t\t<\/a>\n\n\t\t\n\t\t<div class=\"wrapp-swatches\"><\/div>\n\t<\/div>\n\n\t<div class=\"product-element-bottom product-information\">\n\t\t<h3 class=\"wd-entities-title\"><a href=\"https:\/\/lesmeles.designgo.ca\/index.php\/produit\/item-a-venir\/\">Item \u00e0 venir<\/a><\/h3>\t\t\t\t<div class=\"wd-product-cats\">\n\t\t\t<a href=\"https:\/\/lesmeles.designgo.ca\/index.php\/categorie-produit\/vetements\/\" rel=\"tag\">V\u00eatements<\/a>\t\t<\/div>\n\t\t\t\t<div class=\"product-rating-price\">\n\t\t\t<div class=\"wrapp-product-price\">\n\t\t\t\t\n\t\t\t\t\t\t\t<\/div>\n\t\t<\/div>\n\t\t\t\t<div class=\"fade-in-block wd-scroll\">\n\t\t\t<div class=\"hover-content wd-more-desc\">\n\t\t\t\t<div class=\"hover-content-inner wd-more-desc-inner\">\n\t\t\t\t\t\t\t\t\t<\/div>\n\t\t\t\t<a href=\"#\" rel=\"nofollow\" class=\"wd-more-desc-btn\" aria-label=\"Lire plus de description\"><\/a>\n\t\t\t<\/div>\n\t\t\t<div class=\" wd-bottom-actions\">\n\t\t\t\t<div class=\"wrap-wishlist-button\"><\/div>\n\t\t\t\t<div class=\"wd-add-btn wd-add-btn-replace\">\n\t\t\t\t\t<a href=\"https:\/\/lesmeles.designgo.ca\/index.php\/produit\/item-a-venir\/\" aria-describedby=\"woocommerce_loop_add_to_cart_link_describedby_29145\" data-quantity=\"1\" class=\"button product_type_simple add-to-cart-loop\" data-product_id=\"29145\" data-product_sku=\"\" aria-label=\"En savoir plus sur &ldquo;Item \u00e0 venir&rdquo;\" rel=\"nofollow\" data-success_message=\"\"><span>Lire la suite<\/span><\/a>\t<span id=\"woocommerce_loop_add_to_cart_link_describedby_29145\" class=\"screen-reader-text\">\n\t\t\t<\/span>\n\t\t\t\t\t\t\t\t\t\t\t\t\t\t\t\t\t\t\t\t<\/div>\n\t\t\t\t<div class=\"wrap-quickview-button\">\t\t<div class=\"quick-view wd-action-btn wd-style-icon wd-quick-view-icon\">\n\t\t\t<a\n\t\t\t\thref=\"https:\/\/lesmeles.designgo.ca\/index.php\/produit\/item-a-venir\/\"\n\t\t\t\tclass=\"open-quick-view quick-view-button\"\n\t\t\t\trel=\"nofollow\"\n\t\t\t\tdata-id=\"29145\"\n\t\t\t\t>Aper\u00e7u rapide<\/a>\n\t\t<\/div>\n\t\t<\/div>\n\t\t\t<\/div>\n\n\t\t\t\t\t\t\n\t\t\t\t\t<\/div>\n\t<\/div>\n<\/div>\n<\/div>\n\t\t\n\t\t\t\t<\/div>\n\t\n\t\t\n\t\t\n\t\t\t\t\t<\/div>\n\t\t\n\t\t\t\t\t\t<\/div>\n\t\t\t\t<\/div>\n\t\t\t\t\t<\/div>\n\t\t\t\t<\/div>\n\t\t\t\t<\/div>\n\t\t","protected":false},"excerpt":{"rendered":"<p>Vente T-Shirt Myst\u00e8re V\u00eatements 44.99&#36; Le prix initial \u00e9tait\u00a0: 44.99&#036;.34.99&#36;Le prix actuel est\u00a0: 34.99&#036;. T-shirt myst\u00e8re \u2013 \u00c9dition citations l\u00e9gendaires<\/p>\n","protected":false},"author":2,"featured_media":0,"parent":0,"menu_order":0,"comment_status":"closed","ping_status":"closed","template":"","meta":{"footnotes":""},"class_list":["post-4179","page","type-page","status-publish","hentry"],"_links":{"self":[{"href":"https:\/\/lesmeles.designgo.ca\/index.php\/wp-json\/wp\/v2\/pages\/4179","targetHints":{"allow":["GET"]}}],"collection":[{"href":"https:\/\/lesmeles.designgo.ca\/index.php\/wp-json\/wp\/v2\/pages"}],"about":[{"href":"https:\/\/lesmeles.designgo.ca\/index.php\/wp-json\/wp\/v2\/types\/page"}],"author":[{"embeddable":true,"href":"https:\/\/lesmeles.designgo.ca\/index.php\/wp-json\/wp\/v2\/users\/2"}],"replies":[{"embeddable":true,"href":"https:\/\/lesmeles.designgo.ca\/index.php\/wp-json\/wp\/v2\/comments?post=4179"}],"version-history":[{"count":24,"href":"https:\/\/lesmeles.designgo.ca\/index.php\/wp-json\/wp\/v2\/pages\/4179\/revisions"}],"predecessor-version":[{"id":29168,"href":"https:\/\/lesmeles.designgo.ca\/index.php\/wp-json\/wp\/v2\/pages\/4179\/revisions\/29168"}],"wp:attachment":[{"href":"https:\/\/lesmeles.designgo.ca\/index.php\/wp-json\/wp\/v2\/media?parent=4179"}],"curies":[{"name":"wp","href":"https:\/\/api.w.org\/{rel}","templated":true}]}}