{"id":29064,"date":"2025-12-17T08:36:27","date_gmt":"2025-12-17T13:36:27","guid":{"rendered":"https:\/\/lesmeles.designgo.ca\/?post_type=product&#038;p=29064"},"modified":"2025-12-31T15:47:10","modified_gmt":"2025-12-31T20:47:10","slug":"t-shirt-mystere","status":"publish","type":"product","link":"https:\/\/lesmeles.designgo.ca\/index.php\/produit\/t-shirt-mystere\/","title":{"rendered":"T-Shirt Myst\u00e8re"},"content":{"rendered":"","protected":false},"excerpt":{"rendered":"<p><strong>T-shirt myst\u00e8re \u2013 \u00c9dition citations l\u00e9gendaires<br \/>\n<\/strong>Chaque t-shirt myst\u00e8re pr\u00e9sente une citation l\u00e9gendaire imprim\u00e9e au dos.<\/p>\n<p><strong>4 versions diff\u00e9rentes disponibles.<\/strong><br \/>\nLe mod\u00e8le re\u00e7u est s\u00e9lectionn\u00e9 et exp\u00e9di\u00e9 de fa\u00e7on al\u00e9atoire parmi les versions existantes.<\/p>\n<p>Aucune s\u00e9lection de citation possible.<\/p>\n","protected":false},"featured_media":29071,"template":"","meta":[],"product_brand":[],"product_cat":[23],"product_tag":[],"class_list":{"0":"post-29064","1":"product","2":"type-product","3":"status-publish","4":"has-post-thumbnail","6":"product_cat-vetements","8":"first","9":"outofstock","10":"sale","11":"taxable","12":"shipping-taxable","13":"purchasable","14":"product-type-variable"},"_links":{"self":[{"href":"https:\/\/lesmeles.designgo.ca\/index.php\/wp-json\/wp\/v2\/product\/29064","targetHints":{"allow":["GET"]}}],"collection":[{"href":"https:\/\/lesmeles.designgo.ca\/index.php\/wp-json\/wp\/v2\/product"}],"about":[{"href":"https:\/\/lesmeles.designgo.ca\/index.php\/wp-json\/wp\/v2\/types\/product"}],"version-history":[{"count":2,"href":"https:\/\/lesmeles.designgo.ca\/index.php\/wp-json\/wp\/v2\/product\/29064\/revisions"}],"predecessor-version":[{"id":29072,"href":"https:\/\/lesmeles.designgo.ca\/index.php\/wp-json\/wp\/v2\/product\/29064\/revisions\/29072"}],"wp:featuredmedia":[{"embeddable":true,"href":"https:\/\/lesmeles.designgo.ca\/index.php\/wp-json\/wp\/v2\/media\/29071"}],"wp:attachment":[{"href":"https:\/\/lesmeles.designgo.ca\/index.php\/wp-json\/wp\/v2\/media?parent=29064"}],"wp:term":[{"taxonomy":"product_brand","embeddable":true,"href":"https:\/\/lesmeles.designgo.ca\/index.php\/wp-json\/wp\/v2\/product_brand?post=29064"},{"taxonomy":"product_cat","embeddable":true,"href":"https:\/\/lesmeles.designgo.ca\/index.php\/wp-json\/wp\/v2\/product_cat?post=29064"},{"taxonomy":"product_tag","embeddable":true,"href":"https:\/\/lesmeles.designgo.ca\/index.php\/wp-json\/wp\/v2\/product_tag?post=29064"}],"curies":[{"name":"wp","href":"https:\/\/api.w.org\/{rel}","templated":true}]}}